{"id":41,"date":"2026-02-11T19:21:59","date_gmt":"2026-02-11T19:21:59","guid":{"rendered":"https:\/\/coppers.se\/landing-page-7\/"},"modified":"2026-03-31T12:45:07","modified_gmt":"2026-03-31T12:45:07","slug":"landing-page-7","status":"publish","type":"page","link":"https:\/\/coppers.se\/?page_id=41","title":{"rendered":"Valpar"},"content":{"rendered":"\n<p><\/p>\n\n\n\n<div class=\"wp-block-group alignfull has-mono-4-background-color has-background has-global-padding is-layout-constrained wp-container-core-group-is-layout-c3433f61 wp-block-group-is-layout-constrained\" style=\"margin-top:0;margin-bottom:0;padding-top:var(--wp--preset--spacing--superbspacing-xxlarge);padding-right:var(--wp--preset--spacing--superbspacing-small);padding-bottom:var(--wp--preset--spacing--superbspacing-xxlarge);padding-left:var(--wp--preset--spacing--superbspacing-small)\">\n<div class=\"wp-block-columns alignwide is-layout-flex wp-container-core-columns-is-layout-25593187 wp-block-columns-is-layout-flex\">\n<div class=\"wp-block-column is-layout-flow wp-block-column-is-layout-flow\">\n<h1 class=\"wp-block-heading\">Taxvalpar f\u00f6dda 26\/2<\/h1>\n\n\n\n<p>Tv\u00e5 hanar tv\u00e5 tikar , tingade.<\/p>\n\n\n\n<p>e.SE VCH J Alpheratz Lambrusco u. Manaca\u00b4s Brilliant Cover<\/p>\n\n\n\n<figure class=\"wp-block-image size-large\"><img loading=\"lazy\" decoding=\"async\" width=\"1024\" height=\"683\" src=\"http:\/\/coppers.se\/wp-content\/uploads\/2026\/02\/631637534_10164273681849916_6649994896258882678_n-1024x683.jpg\" alt=\"\" class=\"wp-image-160\" srcset=\"https:\/\/coppers.se\/wp-content\/uploads\/2026\/02\/631637534_10164273681849916_6649994896258882678_n-1024x683.jpg 1024w, https:\/\/coppers.se\/wp-content\/uploads\/2026\/02\/631637534_10164273681849916_6649994896258882678_n-300x200.jpg 300w, https:\/\/coppers.se\/wp-content\/uploads\/2026\/02\/631637534_10164273681849916_6649994896258882678_n-768x512.jpg 768w, https:\/\/coppers.se\/wp-content\/uploads\/2026\/02\/631637534_10164273681849916_6649994896258882678_n.jpg 1536w\" sizes=\"auto, (max-width: 1024px) 100vw, 1024px\" \/><\/figure>\n<\/div>\n\n\n\n<div class=\"wp-block-column is-layout-flow wp-block-column-is-layout-flow\">\n<figure class=\"wp-block-image size-full is-resized\"><img loading=\"lazy\" decoding=\"async\" width=\"516\" height=\"480\" src=\"http:\/\/coppers.se\/wp-content\/uploads\/2026\/02\/Aland-2023-41.jpg\" alt=\"\" class=\"wp-image-115\" style=\"aspect-ratio:1.0750024414857255;width:493px;height:auto\" srcset=\"https:\/\/coppers.se\/wp-content\/uploads\/2026\/02\/Aland-2023-41.jpg 516w, https:\/\/coppers.se\/wp-content\/uploads\/2026\/02\/Aland-2023-41-300x279.jpg 300w\" sizes=\"auto, (max-width: 516px) 100vw, 516px\" \/><\/figure>\n<\/div>\n<\/div>\n\n\n\n<div class=\"wp-block-media-text is-stacked-on-mobile\"><figure class=\"wp-block-media-text__media\"><img loading=\"lazy\" decoding=\"async\" width=\"1024\" height=\"1007\" src=\"http:\/\/coppers.se\/wp-content\/uploads\/2026\/03\/655571067_10164466826954916_5202415460991786881_n-1-1024x1007.jpg\" alt=\"\" class=\"wp-image-328 size-full\" srcset=\"https:\/\/coppers.se\/wp-content\/uploads\/2026\/03\/655571067_10164466826954916_5202415460991786881_n-1-1024x1007.jpg 1024w, https:\/\/coppers.se\/wp-content\/uploads\/2026\/03\/655571067_10164466826954916_5202415460991786881_n-1-300x295.jpg 300w, https:\/\/coppers.se\/wp-content\/uploads\/2026\/03\/655571067_10164466826954916_5202415460991786881_n-1-768x755.jpg 768w, https:\/\/coppers.se\/wp-content\/uploads\/2026\/03\/655571067_10164466826954916_5202415460991786881_n-1-1536x1511.jpg 1536w, https:\/\/coppers.se\/wp-content\/uploads\/2026\/03\/655571067_10164466826954916_5202415460991786881_n-1.jpg 2048w\" sizes=\"auto, (max-width: 1024px) 100vw, 1024px\" \/><\/figure><div class=\"wp-block-media-text__content\">\n<p>Vi ser med gl\u00e4dje fram emot sunda , glada roliga dv\u00e4rgtaxar ! Bild fr\u00e5n Olivias tidigare kull.<\/p>\n\n\n\n<p>V\u00e4lkomna att h\u00f6ra av er om tax , jag lovar man \u00e5ngrar aldrig en tax!!!<\/p>\n\n\n\n<p>Pojkar till v\u00e4nster och t\u00f6ser till h\u00f6ger<\/p>\n\n\n\n<figure class=\"wp-block-image size-full\"><img loading=\"lazy\" decoding=\"async\" width=\"1812\" height=\"2048\" src=\"http:\/\/coppers.se\/wp-content\/uploads\/2026\/03\/654900978_10164466826839916_7518596191866249589_n.jpg\" alt=\"\" class=\"wp-image-327\"\/><\/figure>\n<\/div><\/div>\n<\/div>\n\n\n\n<h1 class=\"wp-block-heading has-text-align-center\">Settervalpar f\u00f6dda 26\/2 alla tingade<\/h1>\n\n\n\n<p class=\"has-text-align-center\">                                  e.PL CH Ebony-Sett Gentle Genious Diervilla u. CIE DKV-23 DKJV-23 CIBJV Copper\u00b4s Waiting For A Girl Like You<\/p>\n\n\n\n<p class=\"has-text-align-center\">                                  Both AA Hips PRA1 &amp;4 heriditary clear<\/p>\n\n\n\n<p class=\"has-text-align-center\">                                  Olaf and Alba, really looking forward, both best of looks and temperament, easygoing happy , healthy and beautiful.<\/p>\n\n\n\n<figure class=\"wp-block-image aligncenter size-large\"><img loading=\"lazy\" decoding=\"async\" width=\"1024\" height=\"962\" src=\"http:\/\/coppers.se\/wp-content\/uploads\/2026\/02\/541434210_10163573200229916_5894289008372785592_n-1024x962.jpg\" alt=\"\" class=\"wp-image-189\" srcset=\"https:\/\/coppers.se\/wp-content\/uploads\/2026\/02\/541434210_10163573200229916_5894289008372785592_n-1024x962.jpg 1024w, https:\/\/coppers.se\/wp-content\/uploads\/2026\/02\/541434210_10163573200229916_5894289008372785592_n-300x282.jpg 300w, https:\/\/coppers.se\/wp-content\/uploads\/2026\/02\/541434210_10163573200229916_5894289008372785592_n-768x721.jpg 768w, https:\/\/coppers.se\/wp-content\/uploads\/2026\/02\/541434210_10163573200229916_5894289008372785592_n-1536x1443.jpg 1536w, https:\/\/coppers.se\/wp-content\/uploads\/2026\/02\/541434210_10163573200229916_5894289008372785592_n.jpg 1547w\" sizes=\"auto, (max-width: 1024px) 100vw, 1024px\" \/><\/figure>\n\n\n\n<p class=\"has-text-align-center\">                                   Alba Multiple group winner Top ISF bitch<\/p>\n\n\n\n<p class=\"has-text-align-center\">                                   Olaf<\/p>\n\n\n\n<figure class=\"wp-block-image aligncenter size-large\"><img loading=\"lazy\" decoding=\"async\" width=\"1024\" height=\"683\" src=\"http:\/\/coppers.se\/wp-content\/uploads\/2026\/02\/344547667_1288775188662614_8776456784982563995_n-1024x683.jpg\" alt=\"\" class=\"wp-image-188\" srcset=\"https:\/\/coppers.se\/wp-content\/uploads\/2026\/02\/344547667_1288775188662614_8776456784982563995_n-1024x683.jpg 1024w, https:\/\/coppers.se\/wp-content\/uploads\/2026\/02\/344547667_1288775188662614_8776456784982563995_n-300x200.jpg 300w, https:\/\/coppers.se\/wp-content\/uploads\/2026\/02\/344547667_1288775188662614_8776456784982563995_n-768x512.jpg 768w, https:\/\/coppers.se\/wp-content\/uploads\/2026\/02\/344547667_1288775188662614_8776456784982563995_n-1536x1024.jpg 1536w, https:\/\/coppers.se\/wp-content\/uploads\/2026\/02\/344547667_1288775188662614_8776456784982563995_n.jpg 2048w\" sizes=\"auto, (max-width: 1024px) 100vw, 1024px\" \/><\/figure>\n\n\n\n<p>Mina valpar tillbringar de f\u00f6rsta veckorna i mitt sovrum i lugn och ro. Sen kommer dom ner i k\u00f6ket och f\u00e5r vara utomhus mycket om v\u00e4dret till\u00e5ter. Dom laveras vid 8 veckor eller senare efter \u00f6verskommelse. Veterin\u00e4r besiktigade, chippade, vaccinerade registrerade i SKK s\u00e5klart. Ett start kitt f\u00f6ljer med valpen liksom en &#8221;bruksanvisning&#8221;.<\/p>\n\n\n\n<p>F\u00f6r settervalparna bjuder jag p\u00e5 1 \u00e5rs medlemskap i Irl\u00e4ndsk setter f\u00f6rening. Sj\u00e4lvklart finns jag som st\u00f6ttning ett samtal ,sms ,chatt svarast oftast s\u00e5 snabbt jag bara kan.<\/p>\n\n\n\n<p><\/p>\n","protected":false},"excerpt":{"rendered":"<p>Taxvalpar f\u00f6dda 26\/2 Tv\u00e5 hanar tv\u00e5 tikar , tingade. e.SE VCH J Alpheratz Lambrusco u. Manaca\u00b4s Brilliant Cover Vi ser med gl\u00e4dje fram emot sunda , glada roliga dv\u00e4rgtaxar ! Bild fr\u00e5n Olivias tidigare kull. V\u00e4lkomna att h\u00f6ra av er om tax , jag lovar man \u00e5ngrar aldrig en tax!!! Pojkar till v\u00e4nster och t\u00f6ser [&hellip;]<\/p>\n","protected":false},"author":1,"featured_media":0,"parent":0,"menu_order":0,"comment_status":"closed","ping_status":"closed","template":"superbaddons-page-template","meta":{"footnotes":""},"class_list":["post-41","page","type-page","status-publish","hentry"],"_links":{"self":[{"href":"https:\/\/coppers.se\/index.php?rest_route=\/wp\/v2\/pages\/41","targetHints":{"allow":["GET"]}}],"collection":[{"href":"https:\/\/coppers.se\/index.php?rest_route=\/wp\/v2\/pages"}],"about":[{"href":"https:\/\/coppers.se\/index.php?rest_route=\/wp\/v2\/types\/page"}],"author":[{"embeddable":true,"href":"https:\/\/coppers.se\/index.php?rest_route=\/wp\/v2\/users\/1"}],"replies":[{"embeddable":true,"href":"https:\/\/coppers.se\/index.php?rest_route=%2Fwp%2Fv2%2Fcomments&post=41"}],"version-history":[{"count":15,"href":"https:\/\/coppers.se\/index.php?rest_route=\/wp\/v2\/pages\/41\/revisions"}],"predecessor-version":[{"id":359,"href":"https:\/\/coppers.se\/index.php?rest_route=\/wp\/v2\/pages\/41\/revisions\/359"}],"wp:attachment":[{"href":"https:\/\/coppers.se\/index.php?rest_route=%2Fwp%2Fv2%2Fmedia&parent=41"}],"curies":[{"name":"wp","href":"https:\/\/api.w.org\/{rel}","templated":true}]}}