{"id":249,"date":"2026-03-08T18:34:59","date_gmt":"2026-03-08T18:34:59","guid":{"rendered":"https:\/\/coppers.se\/?page_id=249"},"modified":"2026-03-22T14:40:23","modified_gmt":"2026-03-22T14:40:23","slug":"home","status":"publish","type":"page","link":"https:\/\/coppers.se\/","title":{"rendered":"Home"},"content":{"rendered":"\n<figure class=\"wp-block-image aligncenter size-full is-resized\"><img loading=\"lazy\" decoding=\"async\" width=\"959\" height=\"640\" src=\"http:\/\/coppers.se\/wp-content\/uploads\/2026\/03\/efe41152-a2a0-4d2f-aaba-707446116687-kopiera-1.jpg\" alt=\"\" class=\"wp-image-337\" style=\"aspect-ratio:1.4984496691813765;width:1200px;height:auto\"\/><\/figure>\n\n\n\n<div class=\"wp-block-group alignfull has-global-padding is-layout-constrained wp-container-core-group-is-layout-226e04bb wp-block-group-is-layout-constrained\" style=\"margin-top:0;margin-bottom:0;padding-top:var(--wp--preset--spacing--superbspacing-xxlarge);padding-right:var(--wp--preset--spacing--superbspacing-small);padding-bottom:var(--wp--preset--spacing--superbspacing-xxlarge);padding-left:var(--wp--preset--spacing--superbspacing-small)\">\n<div class=\"wp-block-columns alignwide is-layout-flex wp-container-core-columns-is-layout-28f84493 wp-block-columns-is-layout-flex\">\n<div class=\"wp-block-column is-layout-flow wp-block-column-is-layout-flow\" style=\"flex-basis:40%\">\n<h1 class=\"wp-block-heading has-text-align-left has-contrast-color has-text-color has-superbfont-xlarge-font-size\">Staying true to type<\/h1>\n<\/div>\n\n\n\n<div class=\"wp-block-column is-layout-flow wp-block-column-is-layout-flow\">\n<div class=\"wp-block-group is-layout-flex wp-container-core-group-is-layout-b7b5e2e0 wp-block-group-is-layout-flex\">\n<h3 class=\"wp-block-heading has-text-align-left has-featured-color has-text-color has-superbfont-medium-font-size\">Irish Red Setters and one small dachshound <\/h3>\n<\/div>\n\n\n\n<div class=\"wp-block-group has-global-padding is-layout-constrained wp-container-core-group-is-layout-85cc789f wp-block-group-is-layout-constrained\"><\/div>\n<\/div>\n<\/div>\n\n\n\n<div class=\"wp-block-columns alignwide is-layout-flex wp-container-core-columns-is-layout-f9d87e41 wp-block-columns-is-layout-flex\">\n<div class=\"wp-block-column is-vertically-aligned-center is-layout-flow wp-container-core-column-is-layout-db2cb278 wp-block-column-is-layout-flow\">\n<figure class=\"wp-block-image aligncenter size-large has-custom-border\"><img loading=\"lazy\" decoding=\"async\" width=\"1024\" height=\"785\" src=\"http:\/\/coppers.se\/wp-content\/uploads\/2026\/03\/DSC_8846-1024x785.jpg\" alt=\"\" class=\"wp-image-318\" style=\"border-radius:0px;object-fit:cover\" srcset=\"https:\/\/coppers.se\/wp-content\/uploads\/2026\/03\/DSC_8846-1024x785.jpg 1024w, https:\/\/coppers.se\/wp-content\/uploads\/2026\/03\/DSC_8846-300x230.jpg 300w, https:\/\/coppers.se\/wp-content\/uploads\/2026\/03\/DSC_8846-768x589.jpg 768w, https:\/\/coppers.se\/wp-content\/uploads\/2026\/03\/DSC_8846-1536x1177.jpg 1536w, https:\/\/coppers.se\/wp-content\/uploads\/2026\/03\/DSC_8846-2048x1569.jpg 2048w\" sizes=\"auto, (max-width: 1024px) 100vw, 1024px\" \/><\/figure>\n\n\n\n<div class=\"wp-block-group has-global-padding is-layout-constrained wp-container-core-group-is-layout-d598ad9d wp-block-group-is-layout-constrained\">\n<h3 class=\"wp-block-heading has-text-align-left has-contrast-color has-text-color has-alegreya-font-family has-superbfont-medium-font-size\">Four Excellet Irish Setters, <\/h3>\n\n\n\n<p class=\"has-text-align-left has-secondary-color has-text-color has-superbfont-xsmall-font-size\">Four excellent Irish Setters, representing the true type of&nbsp; the breed,well made good mover dogs.Nicely presented.Looking at them, clearly visible the vision of the breeder, big respect for that.<br>Attila Czegledi<\/p>\n\n\n\n<h3 class=\"wp-block-heading has-text-align-left has-primary-color has-text-color has-superbfont-small-font-size\"><\/h3>\n<\/div>\n<\/div>\n\n\n\n<div class=\"wp-block-column is-vertically-aligned-center is-layout-flow wp-container-core-column-is-layout-db2cb278 wp-block-column-is-layout-flow\">\n<figure class=\"wp-block-image aligncenter size-large has-custom-border\"><img loading=\"lazy\" decoding=\"async\" width=\"1024\" height=\"683\" src=\"http:\/\/coppers.se\/wp-content\/uploads\/2026\/03\/DSC_1777-1024x683.jpg\" alt=\"\" class=\"wp-image-311\" style=\"border-radius:0px;object-fit:cover\" srcset=\"https:\/\/coppers.se\/wp-content\/uploads\/2026\/03\/DSC_1777-1024x683.jpg 1024w, https:\/\/coppers.se\/wp-content\/uploads\/2026\/03\/DSC_1777-300x200.jpg 300w, https:\/\/coppers.se\/wp-content\/uploads\/2026\/03\/DSC_1777-768x512.jpg 768w, https:\/\/coppers.se\/wp-content\/uploads\/2026\/03\/DSC_1777-1536x1025.jpg 1536w, https:\/\/coppers.se\/wp-content\/uploads\/2026\/03\/DSC_1777-2048x1367.jpg 2048w\" sizes=\"auto, (max-width: 1024px) 100vw, 1024px\" \/><\/figure>\n\n\n\n<div class=\"wp-block-group has-global-padding is-layout-constrained wp-container-core-group-is-layout-d598ad9d wp-block-group-is-layout-constrained\">\n<h3 class=\"wp-block-heading has-text-align-left has-contrast-color has-text-color has-alegreya-font-family has-superbfont-medium-font-size\">Fin uppf\u00f6dargrupp<\/h3>\n\n\n\n<p class=\"has-text-align-left has-secondary-color has-text-color has-superbfont-xsmall-font-size\">Fin uppf\u00f6dargrupp d\u00e4r alla \u00e4r typlika&nbsp; trevlig helhet all over.Fantastiskt temprament, rastypiska \u00f6ver det hela en grupp i \u201dv\u00e4rldsklass\u201d<br>Jan Roger Sauge<\/p>\n\n\n\n<h3 class=\"wp-block-heading has-text-align-left has-primary-color has-text-color has-superbfont-small-font-size\"><\/h3>\n<\/div>\n<\/div>\n\n\n\n<div class=\"wp-block-column is-vertically-aligned-center is-layout-flow wp-container-core-column-is-layout-db2cb278 wp-block-column-is-layout-flow\">\n<figure class=\"wp-block-image aligncenter size-full has-custom-border\"><img decoding=\"async\" src=\"http:\/\/coppers.se\/wp-content\/uploads\/2026\/03\/DSC_2682.jpg\" alt=\"\" class=\"wp-image-315\" style=\"border-radius:0px;object-fit:cover\"\/><\/figure>\n\n\n\n<div class=\"wp-block-group has-global-padding is-layout-constrained wp-container-core-group-is-layout-d598ad9d wp-block-group-is-layout-constrained\">\n<h3 class=\"wp-block-heading has-text-align-left has-contrast-color has-text-color has-alegreya-font-family has-superbfont-medium-font-size\">Refined and elegant heads<\/h3>\n\n\n\n<p class=\"has-text-align-left has-secondary-color has-text-color has-superbfont-xsmall-font-size\">All in this group has refined and elegant heads with good eyeshape and raised brows.All are in exellent condition Good in forechest with strong hindquartersand short straight hoks, They all move extremely well and are very similar in looks.<br>Jo-Ann Parson<\/p>\n\n\n\n<h3 class=\"wp-block-heading has-text-align-left has-primary-color has-text-color has-superbfont-small-font-size\"><\/h3>\n<\/div>\n<\/div>\n<\/div>\n<\/div>\n\n\n\n<div class=\"wp-block-group alignfull has-mono-4-background-color has-background has-global-padding is-layout-constrained wp-container-core-group-is-layout-129f6e7c wp-block-group-is-layout-constrained\" style=\"margin-top:0;margin-bottom:0;padding-top:var(--wp--preset--spacing--superbspacing-large);padding-right:var(--wp--preset--spacing--superbspacing-small);padding-bottom:var(--wp--preset--spacing--superbspacing-large);padding-left:var(--wp--preset--spacing--superbspacing-small)\">\n<div class=\"wp-block-columns alignwide is-layout-flex wp-container-core-columns-is-layout-25593187 wp-block-columns-is-layout-flex\">\n<div class=\"wp-block-column is-vertically-aligned-center is-layout-flow wp-container-core-column-is-layout-a1628350 wp-block-column-is-layout-flow\" style=\"padding-top:0;padding-right:0;padding-bottom:0;padding-left:0\">\n<div class=\"wp-block-group is-layout-flow wp-container-core-group-is-layout-ff697075 wp-block-group-is-layout-flow\">\n<h2 class=\"wp-block-heading has-text-align-left has-superbfont-xlarge-font-size\">Grattis till en vacker grupp<\/h2>\n\n\n\n<p class=\"has-text-align-left has-secondary-color has-text-color has-superbfont-small-font-size\">Fin och j\u00e4mn grupp med h\u00f6g sv\u00e5righetsgrad, Individer fr\u00e5n 4 helt olika kombinationer, v\u00e4ltypade med tydlig k\u00f6nspr\u00e4gel, vackra huvuden, sunda och v\u00e4lg\u00e5ende, bra p\u00e4lsar, h\u00e4rliga temprament, STORT GRATTIS TILL EN VACKER GRUPP<br>Johan Andersson<\/p>\n<\/div>\n\n\n\n<div class=\"wp-block-buttons is-layout-flex wp-container-core-buttons-is-layout-69f3c5ca wp-block-buttons-is-layout-flex\"><\/div>\n<\/div>\n\n\n\n<div class=\"wp-block-column is-vertically-aligned-center is-layout-flow wp-container-core-column-is-layout-40a2a7e8 wp-block-column-is-layout-flow\" style=\"padding-right:0;padding-bottom:0;padding-left:0\">\n<div class=\"wp-block-media-text is-stacked-on-mobile\"><figure class=\"wp-block-media-text__media\"><img loading=\"lazy\" decoding=\"async\" width=\"640\" height=\"480\" src=\"http:\/\/coppers.se\/wp-content\/uploads\/2026\/02\/IMG_4393.jpg\" alt=\"\" class=\"wp-image-137 size-full\" srcset=\"https:\/\/coppers.se\/wp-content\/uploads\/2026\/02\/IMG_4393.jpg 640w, https:\/\/coppers.se\/wp-content\/uploads\/2026\/02\/IMG_4393-300x225.jpg 300w\" sizes=\"auto, (max-width: 640px) 100vw, 640px\" \/><\/figure><div class=\"wp-block-media-text__content\">\n<figure class=\"wp-block-image size-large\"><img loading=\"lazy\" decoding=\"async\" width=\"1024\" height=\"698\" src=\"https:\/\/coppers.se\/wp-content\/uploads\/2026\/02\/IMG_1590-1-1024x698.jpg\" alt=\"\" class=\"wp-image-140\" srcset=\"https:\/\/coppers.se\/wp-content\/uploads\/2026\/02\/IMG_1590-1-1024x698.jpg 1024w, https:\/\/coppers.se\/wp-content\/uploads\/2026\/02\/IMG_1590-1-300x205.jpg 300w, https:\/\/coppers.se\/wp-content\/uploads\/2026\/02\/IMG_1590-1-768x524.jpg 768w, https:\/\/coppers.se\/wp-content\/uploads\/2026\/02\/IMG_1590-1.jpg 1420w\" sizes=\"auto, (max-width: 1024px) 100vw, 1024px\" \/><\/figure>\n<\/div><\/div>\n<\/div>\n<\/div>\n<\/div>\n\n\n\n<div class=\"wp-block-group alignfull has-mono-4-background-color has-background has-global-padding is-layout-constrained wp-container-core-group-is-layout-129f6e7c wp-block-group-is-layout-constrained\" style=\"margin-top:0;margin-bottom:0;padding-top:var(--wp--preset--spacing--superbspacing-large);padding-right:var(--wp--preset--spacing--superbspacing-small);padding-bottom:var(--wp--preset--spacing--superbspacing-large);padding-left:var(--wp--preset--spacing--superbspacing-small)\">\n<div class=\"wp-block-columns alignwide is-layout-flex wp-container-core-columns-is-layout-25593187 wp-block-columns-is-layout-flex\">\n<div class=\"wp-block-column is-layout-flow wp-block-column-is-layout-flow\">\n<figure class=\"wp-block-gallery has-nested-images columns-default is-cropped wp-block-gallery-1 is-layout-flex wp-block-gallery-is-layout-flex\">\n<figure class=\"wp-block-image size-large\"><img loading=\"lazy\" decoding=\"async\" width=\"1024\" height=\"576\" data-id=\"93\" src=\"https:\/\/coppers.se\/wp-content\/uploads\/2026\/02\/DJI_0788-1024x576.jpg\" alt=\"\" class=\"wp-image-93\" srcset=\"https:\/\/coppers.se\/wp-content\/uploads\/2026\/02\/DJI_0788-1024x576.jpg 1024w, https:\/\/coppers.se\/wp-content\/uploads\/2026\/02\/DJI_0788-300x169.jpg 300w, https:\/\/coppers.se\/wp-content\/uploads\/2026\/02\/DJI_0788-768x432.jpg 768w, https:\/\/coppers.se\/wp-content\/uploads\/2026\/02\/DJI_0788-1536x864.jpg 1536w, https:\/\/coppers.se\/wp-content\/uploads\/2026\/02\/DJI_0788-2048x1152.jpg 2048w\" sizes=\"auto, (max-width: 1024px) 100vw, 1024px\" \/><\/figure>\n<\/figure>\n<\/div>\n\n\n\n<div class=\"wp-block-column is-layout-flow wp-block-column-is-layout-flow\">\n<div class=\"wp-block-media-text is-stacked-on-mobile\"><figure class=\"wp-block-media-text__media\"><img loading=\"lazy\" decoding=\"async\" width=\"683\" height=\"1024\" src=\"http:\/\/coppers.se\/wp-content\/uploads\/2026\/02\/DSC_1384-683x1024.jpg\" alt=\"\" class=\"wp-image-128 size-full\" srcset=\"https:\/\/coppers.se\/wp-content\/uploads\/2026\/02\/DSC_1384-683x1024.jpg 683w, https:\/\/coppers.se\/wp-content\/uploads\/2026\/02\/DSC_1384-200x300.jpg 200w, https:\/\/coppers.se\/wp-content\/uploads\/2026\/02\/DSC_1384-768x1151.jpg 768w, https:\/\/coppers.se\/wp-content\/uploads\/2026\/02\/DSC_1384-1025x1536.jpg 1025w, https:\/\/coppers.se\/wp-content\/uploads\/2026\/02\/DSC_1384-1367x2048.jpg 1367w, https:\/\/coppers.se\/wp-content\/uploads\/2026\/02\/DSC_1384-scaled.jpg 1708w\" sizes=\"auto, (max-width: 683px) 100vw, 683px\" \/><\/figure><div class=\"wp-block-media-text__content\">\n<p>H\u00e4r p\u00e5 landet trivs vi ett g\u00e4ng settrar i olika \u00e5ldrar, ibland <strong>valpar<\/strong> som f\u00f6rgyller livet lite extra, ta en titt under valpar och se vad som h\u00e4nder.<\/p>\n\n\n\n<p>Just nu valpar f\u00f6dda 26\/2 setter och dv\u00e4rgtax.En taxgosse s\u00f6ker sin familj.<\/p>\n\n\n\n<p><\/p>\n<\/div><\/div>\n<\/div>\n<\/div>\n<\/div>\n\n\n\n<div class=\"wp-block-group has-mono-4-background-color has-background has-global-padding is-content-justification-left is-layout-constrained wp-container-core-group-is-layout-bcc04a8e wp-block-group-is-layout-constrained\" style=\"border-radius:0px;padding-top:var(--wp--preset--spacing--superbspacing-medium);padding-right:var(--wp--preset--spacing--superbspacing-medium);padding-bottom:var(--wp--preset--spacing--superbspacing-medium);padding-left:var(--wp--preset--spacing--superbspacing-medium)\">\n<div class=\"wp-block-group has-global-padding is-layout-constrained wp-block-group-is-layout-constrained\">\n<ul class=\"wp-block-social-links is-layout-flex wp-block-social-links-is-layout-flex\"><li class=\"wp-social-link wp-social-link-facebook  wp-block-social-link\"><a href=\"https:\/\/www.facebook.com\/camilla.ostman\" class=\"wp-block-social-link-anchor\"><svg width=\"24\" height=\"24\" viewBox=\"0 0 24 24\" version=\"1.1\" xmlns=\"http:\/\/www.w3.org\/2000\/svg\" aria-hidden=\"true\" focusable=\"false\"><path d=\"M12 2C6.5 2 2 6.5 2 12c0 5 3.7 9.1 8.4 9.9v-7H7.9V12h2.5V9.8c0-2.5 1.5-3.9 3.8-3.9 1.1 0 2.2.2 2.2.2v2.5h-1.3c-1.2 0-1.6.8-1.6 1.6V12h2.8l-.4 2.9h-2.3v7C18.3 21.1 22 17 22 12c0-5.5-4.5-10-10-10z\"><\/path><\/svg><span class=\"wp-block-social-link-label screen-reader-text\">Facebook<\/span><\/a><\/li>\n\n<li class=\"wp-social-link wp-social-link-instagram  wp-block-social-link\"><a href=\"https:\/\/www.instagram.com\/kennelcopper\/\" class=\"wp-block-social-link-anchor\"><svg width=\"24\" height=\"24\" viewBox=\"0 0 24 24\" version=\"1.1\" xmlns=\"http:\/\/www.w3.org\/2000\/svg\" aria-hidden=\"true\" focusable=\"false\"><path d=\"M12,4.622c2.403,0,2.688,0.009,3.637,0.052c0.877,0.04,1.354,0.187,1.671,0.31c0.42,0.163,0.72,0.358,1.035,0.673 c0.315,0.315,0.51,0.615,0.673,1.035c0.123,0.317,0.27,0.794,0.31,1.671c0.043,0.949,0.052,1.234,0.052,3.637 s-0.009,2.688-0.052,3.637c-0.04,0.877-0.187,1.354-0.31,1.671c-0.163,0.42-0.358,0.72-0.673,1.035 c-0.315,0.315-0.615,0.51-1.035,0.673c-0.317,0.123-0.794,0.27-1.671,0.31c-0.949,0.043-1.233,0.052-3.637,0.052 s-2.688-0.009-3.637-0.052c-0.877-0.04-1.354-0.187-1.671-0.31c-0.42-0.163-0.72-0.358-1.035-0.673 c-0.315-0.315-0.51-0.615-0.673-1.035c-0.123-0.317-0.27-0.794-0.31-1.671C4.631,14.688,4.622,14.403,4.622,12 s0.009-2.688,0.052-3.637c0.04-0.877,0.187-1.354,0.31-1.671c0.163-0.42,0.358-0.72,0.673-1.035 c0.315-0.315,0.615-0.51,1.035-0.673c0.317-0.123,0.794-0.27,1.671-0.31C9.312,4.631,9.597,4.622,12,4.622 M12,3 C9.556,3,9.249,3.01,8.289,3.054C7.331,3.098,6.677,3.25,6.105,3.472C5.513,3.702,5.011,4.01,4.511,4.511 c-0.5,0.5-0.808,1.002-1.038,1.594C3.25,6.677,3.098,7.331,3.054,8.289C3.01,9.249,3,9.556,3,12c0,2.444,0.01,2.751,0.054,3.711 c0.044,0.958,0.196,1.612,0.418,2.185c0.23,0.592,0.538,1.094,1.038,1.594c0.5,0.5,1.002,0.808,1.594,1.038 c0.572,0.222,1.227,0.375,2.185,0.418C9.249,20.99,9.556,21,12,21s2.751-0.01,3.711-0.054c0.958-0.044,1.612-0.196,2.185-0.418 c0.592-0.23,1.094-0.538,1.594-1.038c0.5-0.5,0.808-1.002,1.038-1.594c0.222-0.572,0.375-1.227,0.418-2.185 C20.99,14.751,21,14.444,21,12s-0.01-2.751-0.054-3.711c-0.044-0.958-0.196-1.612-0.418-2.185c-0.23-0.592-0.538-1.094-1.038-1.594 c-0.5-0.5-1.002-0.808-1.594-1.038c-0.572-0.222-1.227-0.375-2.185-0.418C14.751,3.01,14.444,3,12,3L12,3z M12,7.378 c-2.552,0-4.622,2.069-4.622,4.622S9.448,16.622,12,16.622s4.622-2.069,4.622-4.622S14.552,7.378,12,7.378z M12,15 c-1.657,0-3-1.343-3-3s1.343-3,3-3s3,1.343,3,3S13.657,15,12,15z M16.804,6.116c-0.596,0-1.08,0.484-1.08,1.08 s0.484,1.08,1.08,1.08c0.596,0,1.08-0.484,1.08-1.08S17.401,6.116,16.804,6.116z\"><\/path><\/svg><span class=\"wp-block-social-link-label screen-reader-text\">Instagram<\/span><\/a><\/li><\/ul>\n<\/div>\n\n\n\n<div class=\"wp-block-group has-global-padding is-layout-constrained wp-container-core-group-is-layout-d598ad9d wp-block-group-is-layout-constrained\">\n<div class=\"wp-block-group has-global-padding is-layout-constrained wp-block-group-is-layout-constrained\">\n<ul class=\"wp-block-social-links is-layout-flex wp-block-social-links-is-layout-flex\"><\/ul>\n<\/div>\n\n\n\n<h3 class=\"wp-block-heading has-text-align-left has-contrast-color has-text-color has-alegreya-font-family has-superbfont-medium-font-size\">Kontakta mig<\/h3>\n\n\n\n<p class=\"has-text-align-left has-secondary-color has-text-color has-superbfont-xsmall-font-size\">Camilla \u00d6stman, Asketorp 12, Igelfors , 61295 Finsp\u00e5ng      0706646879<\/p>\n<\/div>\n\n\n\n<h3 class=\"wp-block-heading has-text-align-left has-primary-color has-text-color has-superbfont-small-font-size\"><a href=\"mailto:example@email.com\">kennelcopper@gmail.com<\/a><\/h3>\n<\/div>\n","protected":false},"excerpt":{"rendered":"<p>Staying true to type Irish Red Setters and one small dachshound Four Excellet Irish Setters, Four excellent Irish Setters, representing the true type of&nbsp; the breed,well made good mover dogs.Nicely presented.Looking at them, clearly visible the vision of the breeder, big respect for that.Attila Czegledi Fin uppf\u00f6dargrupp Fin uppf\u00f6dargrupp d\u00e4r alla \u00e4r typlika&nbsp; trevlig helhet [&hellip;]<\/p>\n","protected":false},"author":1,"featured_media":0,"parent":0,"menu_order":0,"comment_status":"closed","ping_status":"closed","template":"","meta":{"footnotes":""},"class_list":["post-249","page","type-page","status-publish","hentry"],"_links":{"self":[{"href":"https:\/\/coppers.se\/index.php?rest_route=\/wp\/v2\/pages\/249","targetHints":{"allow":["GET"]}}],"collection":[{"href":"https:\/\/coppers.se\/index.php?rest_route=\/wp\/v2\/pages"}],"about":[{"href":"https:\/\/coppers.se\/index.php?rest_route=\/wp\/v2\/types\/page"}],"author":[{"embeddable":true,"href":"https:\/\/coppers.se\/index.php?rest_route=\/wp\/v2\/users\/1"}],"replies":[{"embeddable":true,"href":"https:\/\/coppers.se\/index.php?rest_route=%2Fwp%2Fv2%2Fcomments&post=249"}],"version-history":[{"count":15,"href":"https:\/\/coppers.se\/index.php?rest_route=\/wp\/v2\/pages\/249\/revisions"}],"predecessor-version":[{"id":353,"href":"https:\/\/coppers.se\/index.php?rest_route=\/wp\/v2\/pages\/249\/revisions\/353"}],"wp:attachment":[{"href":"https:\/\/coppers.se\/index.php?rest_route=%2Fwp%2Fv2%2Fmedia&parent=249"}],"curies":[{"name":"wp","href":"https:\/\/api.w.org\/{rel}","templated":true}]}}